{"id":24033,"date":"2025-09-06T05:32:04","date_gmt":"2025-09-06T05:32:04","guid":{"rendered":"https:\/\/smartreach.io\/blog\/?page_id=24033"},"modified":"2025-09-06T05:32:05","modified_gmt":"2025-09-06T05:32:05","slug":"smtp-icloud-configuracion-completa-guia","status":"publish","type":"page","link":"https:\/\/smartreach.io\/blog\/es\/smtp-icloud-configuracion-completa-guia\/","title":{"rendered":"Servidor SMTP iCloud y Configuraci\u00f3n IMAP | Gu\u00eda Completa"},"content":{"rendered":"\n<h1 class=\"wp-block-heading\"><strong>Servidor SMTP iCloud y Configuraci\u00f3n IMAP | Gu\u00eda Completa<\/strong><\/h1>\n\n\n\n<div style=\"height:47px\" aria-hidden=\"true\" class=\"wp-block-spacer\"><\/div>\n\n\n\n<p>Configura sin esfuerzo los ajustes IMAP y SMTP de iCloud para email marketing fluido y sin estr\u00e9s. Explora problemas comunes de soluci\u00f3n.<\/p>\n\n\n\n<h3 class=\"wp-block-heading\">Introducci\u00f3n al SMTP de iCloud<\/h3>\n\n\n\n<p>\u00bfBuscas la configuraci\u00f3n SMTP correcta para iCloud?<\/p>\n\n\n\n<p>Configurar tu correo de iCloud con precisi\u00f3n asegura mensajer\u00eda fluida y segura.<\/p>\n\n\n\n<p>Esta gu\u00eda te llevar\u00e1 a trav\u00e9s del proceso de configurar tus ajustes SMTP de iCloud. Sin t\u00e9rminos t\u00e9cnicos complejos o complicaciones innecesarias \u2013 solo sigue nuestros pasos directos.<\/p>\n\n\n\n<p>Si buscas la configuraci\u00f3n SMTP b\u00e1sica de iCloud, la encontrar\u00e1s a continuaci\u00f3n.<\/p>\n\n\n\n<figure class=\"wp-block-image aligncenter size-full is-resized\"><img loading=\"lazy\" decoding=\"async\" width=\"700\" height=\"450\" src=\"https:\/\/smartreach.io\/blog\/wp-content\/uploads\/2025\/09\/image-16.png\" alt=\"icloud smtp settings\" class=\"wp-image-24039\" style=\"width:500px;height:321px\" srcset=\"https:\/\/smartreach.io\/blog\/wp-content\/uploads\/2025\/09\/image-16.png 700w, https:\/\/smartreach.io\/blog\/wp-content\/uploads\/2025\/09\/image-16-300x193.png 300w\" sizes=\"auto, (max-width: 700px) 100vw, 700px\" \/><\/figure>\n\n\n\n<div style=\"height:17px\" aria-hidden=\"true\" class=\"wp-block-spacer\"><\/div>\n\n\n\n<h2 class=\"wp-block-heading\">\u00bfQu\u00e9 son los ajustes SMTP de iCloud? \u00bfPor qu\u00e9 se necesitan?<\/h2>\n\n\n\n<p>El SMTP de iCloud (Protocolo Simple de Transferencia de Correo) es un conjunto de ajustes que te permite enviar correos (incluyendo cold email) desde tu cuenta de iCloud Mail usando un cliente de correo de terceros.<\/p>\n\n\n\n<p>Estos ajustes incluyen la direcci\u00f3n del servidor de correo saliente, n\u00famero de puerto, m\u00e9todo de cifrado y credenciales de autenticaci\u00f3n.<\/p>\n\n\n\n<p>Si est\u00e1s usando un cliente de correo de terceros, necesitar\u00e1s ingresar tu SMTP de iCloud ya que no tienen acceso directo a los servidores de correo de iCloud. En su lugar, deben usar el protocolo SMTP para enviar correos a los servidores de correo de iCloud. \u00a1Tambi\u00e9n, con el poder de los servicios de desarrollo java, puedes potenciar tu integraci\u00f3n de correo!<\/p>\n\n\n\n<figure class=\"wp-block-image aligncenter size-full is-resized\"><img loading=\"lazy\" decoding=\"async\" width=\"700\" height=\"450\" src=\"https:\/\/smartreach.io\/blog\/wp-content\/uploads\/2024\/08\/icloud-smtp-1.webp\" alt=\"icloud SMTP settings\" class=\"wp-image-16673\" style=\"width:696px;height:447px\" srcset=\"https:\/\/smartreach.io\/blog\/wp-content\/uploads\/2024\/08\/icloud-smtp-1.webp 700w, https:\/\/smartreach.io\/blog\/wp-content\/uploads\/2024\/08\/icloud-smtp-1-300x193.webp 300w, https:\/\/smartreach.io\/blog\/wp-content\/uploads\/2024\/08\/icloud-smtp-1-150x96.webp 150w\" sizes=\"auto, (max-width: 700px) 100vw, 700px\" \/><\/figure>\n\n\n\n<div style=\"height:33px\" aria-hidden=\"true\" class=\"wp-block-spacer\"><\/div>\n\n\n\n<h2 class=\"wp-block-heading\">\u00bfCu\u00e1les son los ajustes del servidor SMTP para iCloud?<\/h2>\n\n\n\n<h3 class=\"wp-block-heading\">Configuraci\u00f3n SMTP de iCloud<\/h3>\n\n\n\n<ul style=\"background-color:#8dd2fc57\" class=\"wp-block-list has-background\">\n<li><strong>Servidor SMTP:<\/strong> smtp.mail.me.com<\/li>\n\n\n\n<li><strong>Puerto:<\/strong> 587 (o 465, dependiendo de tu cliente de correo)<\/li>\n\n\n\n<li><strong>Usuario:<\/strong> Tu direcci\u00f3n completa de correo de iCloud (ej., ejemplo@icloud.com)<\/li>\n\n\n\n<li><strong>Contrase\u00f1a:<\/strong> Usa la contrase\u00f1a espec\u00edfica de aplicaci\u00f3n<\/li>\n\n\n\n<li><strong>SSL:<\/strong> S\u00ed<\/li>\n<\/ul>\n\n\n\n<h3 class=\"wp-block-heading\">Configuraci\u00f3n IMAP de iCloud<\/h3>\n\n\n\n<ul style=\"background-color:#8dd2fc5e\" class=\"wp-block-list has-background\">\n<li><strong>Servidor IMAP:<\/strong> smtp.mail.me.com<\/li>\n\n\n\n<li><strong>Puerto:<\/strong> 993<\/li>\n\n\n\n<li><strong>Usuario:<\/strong> Tu direcci\u00f3n completa de correo de iCloud (ej., ejemplo@icloud.com)<\/li>\n\n\n\n<li><strong>Contrase\u00f1a:<\/strong> Usa la contrase\u00f1a espec\u00edfica de aplicaci\u00f3n<\/li>\n\n\n\n<li><strong>SSL:<\/strong> S\u00ed<\/li>\n<\/ul>\n\n\n\n<p><em><strong>Nota:<\/strong> A diferencia de muchos otros proveedores de correo, iCloud no soporta configuraciones POP. En su lugar, los usuarios pueden usar ajustes IMAP para configurar manualmente el servidor entrante de un programa de correo.<\/em><\/p>\n\n\n\n<div style=\"height:24px\" aria-hidden=\"true\" class=\"wp-block-spacer\"><\/div>\n\n\n\n<figure class=\"wp-block-image aligncenter size-large is-resized\"><a href=\"https:\/\/calendly.com\/d\/z98-ncs-q8f\/?utm_source=smartreach_blog&amp;utm_medium=schedule_a_demo_banner&amp;utm_campaign=icloud_smtp\" target=\"_blank\" rel=\" noreferrer noopener\"><img loading=\"lazy\" decoding=\"async\" width=\"1024\" height=\"439\" src=\"https:\/\/smartreach.io\/blog\/wp-content\/uploads\/2024\/12\/smtp-banner-1-1024x439.png\" alt=\"icloud smtp setting\" class=\"wp-image-19821\" style=\"width:570px;height:auto\" srcset=\"https:\/\/smartreach.io\/blog\/wp-content\/uploads\/2024\/12\/smtp-banner-1-1024x439.png 1024w, https:\/\/smartreach.io\/blog\/wp-content\/uploads\/2024\/12\/smtp-banner-1-300x129.png 300w, https:\/\/smartreach.io\/blog\/wp-content\/uploads\/2024\/12\/smtp-banner-1-768x329.png 768w, https:\/\/smartreach.io\/blog\/wp-content\/uploads\/2024\/12\/smtp-banner-1-1536x658.png 1536w, https:\/\/smartreach.io\/blog\/wp-content\/uploads\/2024\/12\/smtp-banner-1-150x64.png 150w, https:\/\/smartreach.io\/blog\/wp-content\/uploads\/2024\/12\/smtp-banner-1.png 1554w\" sizes=\"auto, (max-width: 1024px) 100vw, 1024px\" \/><\/a><\/figure>\n\n\n\n<div style=\"height:38px\" aria-hidden=\"true\" class=\"wp-block-spacer\"><\/div>\n\n\n\n<h2 class=\"wp-block-heading\">\u00bfC\u00f3mo generar contrase\u00f1as espec\u00edficas de aplicaci\u00f3n para iCloud?<\/h2>\n\n\n\n<p>Para generar una contrase\u00f1a espec\u00edfica de aplicaci\u00f3n para tu cuenta de iCloud, sigue los siguientes pasos:<\/p>\n\n\n\n<h3 class=\"wp-block-heading\">Paso 1:<\/h3>\n\n\n\n<p>Inicia sesi\u00f3n en <a href=\"https:\/\/appleid.apple.com\/account\/home\" target=\"_blank\" rel=\"noopener\" title=\"appleid.apple.com\">appleid.apple.com<\/a>.<\/p>\n\n\n\n<h3 class=\"wp-block-heading\">Paso 2:<\/h3>\n\n\n\n<p>Ve a la secci\u00f3n de seguridad y selecciona &#8216;Contrase\u00f1a espec\u00edfica de aplicaci\u00f3n&#8217;<\/p>\n\n\n\n<figure class=\"wp-block-image aligncenter size-large is-resized\"><img loading=\"lazy\" decoding=\"async\" width=\"1024\" height=\"627\" src=\"https:\/\/smartreach.io\/blog\/wp-content\/uploads\/2024\/08\/icloud-smtp-2-1024x627.webp\" alt=\"icloud SMTP settings\" class=\"wp-image-16675\" style=\"aspect-ratio:1.6342592592592593;width:527px;height:auto\" srcset=\"https:\/\/smartreach.io\/blog\/wp-content\/uploads\/2024\/08\/icloud-smtp-2-1024x627.webp 1024w, https:\/\/smartreach.io\/blog\/wp-content\/uploads\/2024\/08\/icloud-smtp-2-300x184.webp 300w, https:\/\/smartreach.io\/blog\/wp-content\/uploads\/2024\/08\/icloud-smtp-2-768x470.webp 768w, https:\/\/smartreach.io\/blog\/wp-content\/uploads\/2024\/08\/icloud-smtp-2-1536x940.webp 1536w, https:\/\/smartreach.io\/blog\/wp-content\/uploads\/2024\/08\/icloud-smtp-2-150x92.webp 150w, https:\/\/smartreach.io\/blog\/wp-content\/uploads\/2024\/08\/icloud-smtp-2.webp 1600w\" sizes=\"auto, (max-width: 1024px) 100vw, 1024px\" \/><\/figure>\n\n\n\n<h3 class=\"wp-block-heading\">Paso 3:<\/h3>\n\n\n\n<p>Haz clic en &#8216;Generar contrase\u00f1a espec\u00edfica de aplicaci\u00f3n&#8217;<\/p>\n\n\n\n<figure class=\"wp-block-image aligncenter size-large is-resized\"><img loading=\"lazy\" decoding=\"async\" width=\"1024\" height=\"764\" src=\"https:\/\/smartreach.io\/blog\/wp-content\/uploads\/2024\/08\/icloud-smtp-3--1024x764.webp\" alt=\"icloud SMTP settings\" class=\"wp-image-16676\" style=\"aspect-ratio:1.3395833333333333;width:503px;height:auto\" srcset=\"https:\/\/smartreach.io\/blog\/wp-content\/uploads\/2024\/08\/icloud-smtp-3--1024x764.webp 1024w, https:\/\/smartreach.io\/blog\/wp-content\/uploads\/2024\/08\/icloud-smtp-3--300x224.webp 300w, https:\/\/smartreach.io\/blog\/wp-content\/uploads\/2024\/08\/icloud-smtp-3--768x573.webp 768w, https:\/\/smartreach.io\/blog\/wp-content\/uploads\/2024\/08\/icloud-smtp-3--150x112.webp 150w, https:\/\/smartreach.io\/blog\/wp-content\/uploads\/2024\/08\/icloud-smtp-3-.webp 1432w\" sizes=\"auto, (max-width: 1024px) 100vw, 1024px\" \/><\/figure>\n\n\n\n<h3 class=\"wp-block-heading\">Paso 4:<\/h3>\n\n\n\n<p>Asigna un nombre para tu contrase\u00f1a espec\u00edfica de aplicaci\u00f3n<\/p>\n\n\n\n<figure class=\"wp-block-image aligncenter size-full is-resized\"><img loading=\"lazy\" decoding=\"async\" width=\"960\" height=\"780\" src=\"https:\/\/smartreach.io\/blog\/wp-content\/uploads\/2024\/08\/icloud-smtp-4.webp\" alt=\"icloud SMTP settings\" class=\"wp-image-16677\" style=\"aspect-ratio:1.231732776617954;width:410px;height:auto\" srcset=\"https:\/\/smartreach.io\/blog\/wp-content\/uploads\/2024\/08\/icloud-smtp-4.webp 960w, https:\/\/smartreach.io\/blog\/wp-content\/uploads\/2024\/08\/icloud-smtp-4-300x244.webp 300w, https:\/\/smartreach.io\/blog\/wp-content\/uploads\/2024\/08\/icloud-smtp-4-768x624.webp 768w, https:\/\/smartreach.io\/blog\/wp-content\/uploads\/2024\/08\/icloud-smtp-4-150x122.webp 150w\" sizes=\"auto, (max-width: 960px) 100vw, 960px\" \/><\/figure>\n\n\n\n<h3 class=\"wp-block-heading\">Paso 5:<\/h3>\n\n\n\n<p>Ingresa la contrase\u00f1a, contin\u00faa y guarda.<\/p>\n\n\n\n<figure class=\"wp-block-image aligncenter size-full is-resized\"><img loading=\"lazy\" decoding=\"async\" width=\"952\" height=\"774\" src=\"https:\/\/smartreach.io\/blog\/wp-content\/uploads\/2024\/08\/icloud-smtp-5.webp\" alt=\"icloud SMTP settings\" class=\"wp-image-16678\" style=\"aspect-ratio:1.2290748898678414;width:372px;height:auto\" srcset=\"https:\/\/smartreach.io\/blog\/wp-content\/uploads\/2024\/08\/icloud-smtp-5.webp 952w, https:\/\/smartreach.io\/blog\/wp-content\/uploads\/2024\/08\/icloud-smtp-5-300x244.webp 300w, https:\/\/smartreach.io\/blog\/wp-content\/uploads\/2024\/08\/icloud-smtp-5-768x624.webp 768w, https:\/\/smartreach.io\/blog\/wp-content\/uploads\/2024\/08\/icloud-smtp-5-150x122.webp 150w\" sizes=\"auto, (max-width: 952px) 100vw, 952px\" \/><\/figure>\n\n\n\n<p><strong>Nota:<\/strong> Necesitas habilitar la autenticaci\u00f3n de dos factores antes de generar una contrase\u00f1a espec\u00edfica de aplicaci\u00f3n. Para crear contrase\u00f1as sin complicaciones y configurar todos los ajustes de correo, puedes conectarte con servicios profesionales de pruebas de automatizaci\u00f3n que pueden ayudarte a configurarlo despu\u00e9s de probar el sistema de correo.<\/p>\n\n\n\n<div style=\"height:29px\" aria-hidden=\"true\" class=\"wp-block-spacer\"><\/div>\n\n\n\n<h2 class=\"wp-block-heading\">Problemas Comunes de Soluci\u00f3n con Configuraci\u00f3n de Correo de iCloud<\/h2>\n\n\n\n<p>Discutamos algunos problemas comunes de soluci\u00f3n que enfrentan los usuarios con la configuraci\u00f3n de correo de iCloud.<\/p>\n\n\n\n<h3 class=\"wp-block-heading\">1. Tiempo de Inactividad del Servidor iCloud<\/h3>\n\n\n\n<p>Verifica la p\u00e1gina de estado del sistema de Apple para ver si hay problemas del servidor en curso. Espera a que el problema se resuelva del lado de Apple.<\/p>\n\n\n\n<h3 class=\"wp-block-heading\">2. Firewall o Software de Seguridad Bloqueando Acceso<\/h3>\n\n\n\n<p>Ajusta la configuraci\u00f3n del firewall o software de seguridad para permitir la conexi\u00f3n del cliente de correo a los servidores de iCloud.<\/p>\n\n\n\n<h3 class=\"wp-block-heading\">3. Cliente de Correo Desactualizado<\/h3>\n\n\n\n<p>Actualiza tu cliente de correo a la versi\u00f3n m\u00e1s reciente. Las versiones m\u00e1s antiguas pueden tener problemas de compatibilidad con la configuraci\u00f3n de iCloud.<\/p>\n\n\n\n<h3 class=\"wp-block-heading\">4. Conflictos con Software de Seguridad de Terceros<\/h3>\n\n\n\n<p>Deshabilita temporalmente el software de seguridad de terceros para verificar si est\u00e1 causando el problema. Si es as\u00ed, ajusta la configuraci\u00f3n o busca soporte del proveedor del software.<\/p>\n\n\n\n<h3 class=\"wp-block-heading\">5. Problemas Espec\u00edficos del Dispositivo<\/h3>\n\n\n\n<p>Para problemas espec\u00edficos del dispositivo, consulta los recursos oficiales de soporte de Apple o foros de la comunidad para pasos de soluci\u00f3n personalizados.<\/p>\n\n\n\n<div style=\"height:35px\" aria-hidden=\"true\" class=\"wp-block-spacer\"><\/div>\n\n\n\n<h2 class=\"wp-block-heading\">FAQ de Correo iCloud<\/h2>\n\n\n\n<h3 class=\"wp-block-heading\">\u00bfPuedo acceder a mi correo de iCloud en m\u00faltiples dispositivos?<\/h3>\n\n\n\n<p>S\u00ed, puedes acceder a tu correo de iCloud en m\u00faltiples dispositivos como iPhones, iPads, computadoras Mac y computadoras Windows a trav\u00e9s de clientes de correo o iCloud.com.<\/p>\n\n\n\n<h3 class=\"wp-block-heading\">\u00bfPuedo configurar el correo de iCloud en un dispositivo Android?<\/h3>\n\n\n\n<p>S\u00ed, puedes configurar el correo de iCloud en dispositivos Android usando los ajustes IMAP proporcionados por iCloud. Sin embargo, el proceso puede variar seg\u00fan la aplicaci\u00f3n de correo que uses en tu dispositivo Android.<\/p>\n\n\n\n<h3 class=\"wp-block-heading\">\u00bfHay una manera de recuperar correos eliminados en iCloud?<\/h3>\n\n\n\n<p>S\u00ed, iCloud retiene los correos eliminados en la carpeta Papelera por 30 d\u00edas. Puedes recuperar correos eliminados dentro de este per\u00edodo. Despu\u00e9s de 30 d\u00edas, los correos se eliminan permanentemente.<\/p>\n\n\n\n<h3 class=\"wp-block-heading\">\u00bfPuedo configurar el correo de iCloud en clientes de correo de terceros distintos a Outlook y Thunderbird?<\/h3>\n\n\n\n<p>S\u00ed, puedes configurar el correo de iCloud en varios clientes de correo de terceros que soporten protocolos IMAP y SMTP. Sin embargo, el proceso de configuraci\u00f3n puede variar ligeramente seg\u00fan el cliente de correo que uses.<\/p>\n\n\n\n<h3 class=\"wp-block-heading\">\u00bfCu\u00e1l es la configuraci\u00f3n del servidor SMTP para me.com?<\/h3>\n\n\n\n<p>La configuraci\u00f3n del servidor SMTP para tu cuenta me.com (iCloud Mail) son:<\/p>\n\n\n\n<ul class=\"wp-block-list\">\n<li><strong>Servidor:<\/strong> smtp.mail.me.com<\/li>\n\n\n\n<li><strong>Puerto:<\/strong> 587<\/li>\n\n\n\n<li><strong>Seguridad:<\/strong> STARTTLS (a veces listado como TLS)<\/li>\n\n\n\n<li><strong>Usuario:<\/strong> Tu direcci\u00f3n completa de correo me.com (ej., [direcci\u00f3n de correo removida])<\/li>\n\n\n\n<li><strong>Contrase\u00f1a:<\/strong> Una contrase\u00f1a espec\u00edfica de aplicaci\u00f3n generada desde tu configuraci\u00f3n de Apple ID (no tu contrase\u00f1a regular de iCloud)<\/li>\n<\/ul>\n\n\n\n<h3 class=\"wp-block-heading\">\u00bfCu\u00e1l es el proceso para revisar correo de me.com?<\/h3>\n\n\n\n<p>Puedes revisar tu correo de me.com de dos maneras:<\/p>\n\n\n\n<ol class=\"wp-block-list\">\n<li><strong>Navegador Web:<\/strong> Visita iCloud.com, inicia sesi\u00f3n con tu Apple ID y accede a Correo desde la interfaz web.<\/li>\n\n\n\n<li><strong>Cliente de Correo:<\/strong> Configura tu cuenta me.com en tu programa de correo preferido (Outlook, Thunderbird, etc.) usando IMAP e ingresa tu contrase\u00f1a espec\u00edfica de aplicaci\u00f3n para autenticaci\u00f3n.<\/li>\n<\/ol>\n\n\n\n<script type=\"application\/ld+json\">\n{\n  \"@context\": \"https:\/\/schema.org\",\n  \"@type\": \"FAQPage\",\n  \"mainEntity\": [\n    {\n      \"@type\": \"Question\",\n      \"name\": \"\u00bfPuedo acceder a mi correo de iCloud en m\u00faltiples dispositivos?\",\n      \"acceptedAnswer\": {\n        \"@type\": \"Answer\",\n        \"text\": \"S\u00ed, puedes acceder a tu correo de iCloud en m\u00faltiples dispositivos como iPhones, iPads, computadoras Mac y computadoras Windows a trav\u00e9s de clientes de correo o iCloud.com.\"\n      }\n    },\n    {\n      \"@type\": \"Question\",\n      \"name\": \"\u00bfPuedo configurar el correo de iCloud en un dispositivo Android?\",\n      \"acceptedAnswer\": {\n        \"@type\": \"Answer\",\n        \"text\": \"S\u00ed, puedes configurar el correo de iCloud en dispositivos Android usando los ajustes IMAP proporcionados por iCloud. Sin embargo, el proceso puede variar seg\u00fan la aplicaci\u00f3n de correo que uses en tu dispositivo Android.\"\n      }\n    },\n    {\n      \"@type\": \"Question\",\n      \"name\": \"\u00bfHay una manera de recuperar correos eliminados en iCloud?\",\n      \"acceptedAnswer\": {\n        \"@type\": \"Answer\",\n        \"text\": \"S\u00ed, iCloud retiene los correos eliminados en la carpeta Papelera por 30 d\u00edas. Puedes recuperar correos eliminados dentro de este per\u00edodo. Despu\u00e9s de 30 d\u00edas, los correos se eliminan permanentemente.\"\n      }\n    },\n    {\n      \"@type\": \"Question\",\n      \"name\": \"\u00bfPuedo configurar el correo de iCloud en clientes de correo de terceros distintos a Outlook y Thunderbird?\",\n      \"acceptedAnswer\": {\n        \"@type\": \"Answer\",\n        \"text\": \"S\u00ed, puedes configurar el correo de iCloud en varios clientes de correo de terceros que soporten protocolos IMAP y SMTP. Sin embargo, el proceso de configuraci\u00f3n puede variar ligeramente seg\u00fan el cliente de correo que uses.\"\n      }\n    },\n    {\n      \"@type\": \"Question\",\n      \"name\": \"\u00bfCu\u00e1l es la configuraci\u00f3n del servidor SMTP para me.com?\",\n      \"acceptedAnswer\": {\n        \"@type\": \"Answer\",\n        \"text\": \"La configuraci\u00f3n del servidor SMTP para tu cuenta me.com (iCloud Mail) son: Servidor: smtp.mail.me.com, Puerto: 587, Seguridad: STARTTLS (a veces listado como TLS), Usuario: Tu direcci\u00f3n completa de correo me.com, Contrase\u00f1a: Una contrase\u00f1a espec\u00edfica de aplicaci\u00f3n generada desde tu configuraci\u00f3n de Apple ID.\"\n      }\n    },\n    {\n      \"@type\": \"Question\",\n      \"name\": \"\u00bfCu\u00e1l es el proceso para revisar correo de me.com?\",\n      \"acceptedAnswer\": {\n        \"@type\": \"Answer\",\n        \"text\": \"Puedes revisar tu correo de me.com de dos maneras: 1) Navegador Web: Visita iCloud.com, inicia sesi\u00f3n con tu Apple ID y accede a Correo desde la interfaz web. 2) Cliente de Correo: Configura tu cuenta me.com en tu programa de correo preferido (Outlook, Thunderbird, etc.) usando IMAP e ingresa tu contrase\u00f1a espec\u00edfica de aplicaci\u00f3n para autenticaci\u00f3n.\"\n      }\n    }\n  ]\n}\n<\/script>\n\n\n\n<div style=\"height:27px\" aria-hidden=\"true\" class=\"wp-block-spacer\"><\/div>\n\n\n\n<figure class=\"wp-block-image aligncenter size-full\"><a href=\"https:\/\/calendly.com\/d\/z98-ncs-q8f\/?utm_source=smartreach_masterclass&amp;utm_medium=schedule_a_demo_banner&amp;utm_campaign=icloud_smtp\" target=\"_blank\" rel=\"noreferrer noopener\"><img loading=\"lazy\" decoding=\"async\" width=\"1000\" height=\"300\" src=\"https:\/\/smartreach.io\/blog\/wp-content\/uploads\/2023\/10\/7-3.png\" alt=\"icloud smtp settings\" class=\"wp-image-9543\" srcset=\"https:\/\/smartreach.io\/blog\/wp-content\/uploads\/2023\/10\/7-3.png 1000w, https:\/\/smartreach.io\/blog\/wp-content\/uploads\/2023\/10\/7-3-300x90.png 300w, https:\/\/smartreach.io\/blog\/wp-content\/uploads\/2023\/10\/7-3-768x230.png 768w, https:\/\/smartreach.io\/blog\/wp-content\/uploads\/2023\/10\/7-3-640x192.png 640w\" sizes=\"auto, (max-width: 1000px) 100vw, 1000px\" \/><\/a><\/figure>\n\n\n\n<div style=\"height:28px\" aria-hidden=\"true\" class=\"wp-block-spacer\"><\/div>\n","protected":false},"excerpt":{"rendered":"<p>Servidor SMTP iCloud y Configuraci\u00f3n IMAP | Gu\u00eda Completa Configura sin esfuerzo los ajustes IMAP y SMTP de iCloud para email marketing fluido y sin estr\u00e9s. Explora problemas comunes de soluci\u00f3n. Introducci\u00f3n al SMTP de iCloud \u00bfBuscas la configuraci\u00f3n SMTP correcta para iCloud? Configurar tu correo de iCloud con precisi\u00f3n asegura mensajer\u00eda fluida y segura. [&hellip;]<\/p>\n","protected":false},"author":4,"featured_media":17376,"parent":0,"menu_order":0,"comment_status":"closed","ping_status":"closed","template":"","meta":{"footnotes":""},"class_list":["post-24033","page","type-page","status-publish","has-post-thumbnail","hentry"],"blocksy_meta":[],"aioseo_notices":[],"_links":{"self":[{"href":"https:\/\/smartreach.io\/blog\/wp-json\/wp\/v2\/pages\/24033","targetHints":{"allow":["GET"]}}],"collection":[{"href":"https:\/\/smartreach.io\/blog\/wp-json\/wp\/v2\/pages"}],"about":[{"href":"https:\/\/smartreach.io\/blog\/wp-json\/wp\/v2\/types\/page"}],"author":[{"embeddable":true,"href":"https:\/\/smartreach.io\/blog\/wp-json\/wp\/v2\/users\/4"}],"replies":[{"embeddable":true,"href":"https:\/\/smartreach.io\/blog\/wp-json\/wp\/v2\/comments?post=24033"}],"version-history":[{"count":5,"href":"https:\/\/smartreach.io\/blog\/wp-json\/wp\/v2\/pages\/24033\/revisions"}],"predecessor-version":[{"id":24040,"href":"https:\/\/smartreach.io\/blog\/wp-json\/wp\/v2\/pages\/24033\/revisions\/24040"}],"wp:featuredmedia":[{"embeddable":true,"href":"https:\/\/smartreach.io\/blog\/wp-json\/wp\/v2\/media\/17376"}],"wp:attachment":[{"href":"https:\/\/smartreach.io\/blog\/wp-json\/wp\/v2\/media?parent=24033"}],"curies":[{"name":"wp","href":"https:\/\/api.w.org\/{rel}","templated":true}]}}